{"id":761,"date":"2014-06-24T22:29:57","date_gmt":"2014-06-24T18:29:57","guid":{"rendered":"http:\/\/prodiab.md\/?page_id=761"},"modified":"2014-06-24T22:29:57","modified_gmt":"2014-06-24T18:29:57","slug":"baza-normativa","status":"publish","type":"page","link":"http:\/\/prodiab.md\/ru\/baza-normativa\/","title":{"rendered":"\u041d\u043e\u0440\u043c\u0430\u0442\u0438\u0432\u043d\u0430\u044f \u0431\u0430\u0437\u0430"},"content":{"rendered":"<p>&nbsp;<\/p>\n<p><a href=\"http:\/\/lex.justice.md\/viewdoc.php?action=view&amp;view=doc&amp;id=331169&amp;lang=1\" target=\"_blank\">LEGE privind supravegherea de stat a s\u0103n\u0103t\u0103\u0163ii publice<\/a><\/p>\n<p><a href=\"http:\/\/lex.justice.md\/index.php?action=view&amp;view=doc&amp;lang=1&amp;id=310870\" target=\"_blank\">LEGE privind minimul de asisten\u0163\u0103 medical\u0103 gratuit\u0103, garantat de stat<\/a><\/p>\n<p><a href=\"http:\/\/lex.justice.md\/viewdoc.php?action=view&amp;view=doc&amp;id=294975&amp;lang=1\" target=\"_blank\">HOT\u0102R\u00ceRE cu privire la Programul na\u0163ional de profilaxie \u015fi combatere a diabetului zaharat &#171;MoldDiab&#187; pentru anii 2002-2005<\/a><\/p>\n<p><a href=\"http:\/\/lex.justice.md\/index.php?action=view&#038;view=doc&#038;lang=1&#038;id=343682\" target=\"_blank\">HOT\u0102R\u00ceRE pentru aprobarea Strategiei na\u0163ionale de prevenire \u015fi control al bolilor netransmisibile pe anii 2012\u20132020<\/a><\/p>\n<p><a href=\"http:\/\/lex.justice.md\/index.php?action=view&#038;view=doc&#038;lang=1&#038;id=339463\" target=\"_blank\">HOT\u0102R\u00ceRE cu privire la aprobarea Programului na\u0163ional de profilaxie \u015fi combatere a diabetului zaharat pentru anii 2011-2015<\/a><\/p>\n<p><a href=\"http:\/\/lex.justice.md\/index.php?action=view&#038;view=doc&#038;lang=1&#038;id=332090\" target=\"_blank\">HOT\u0102R\u00ceRE pentru aprobarea Acordului de colaborare a statelor-membre ale Comunit\u0103\u0163ii Statelor Independente \u00een lupta cu cre\u015fterea morbidit\u0103\u0163ii prin diabet zaharat, semnat la Chi\u015fin\u0103u la 14 noiembrie 2008<\/a><\/p>\n<p><a href=\"http:\/\/lex.justice.md\/index.php?action=view&#038;view=doc&#038;lang=1&#038;id=327145\" target=\"_blank\">HOT\u0102R\u00ceRE pentru ini\u0163ierea negocierilor asupra proiectului Acordului privind colaborarea statelor-membre ale Comunit\u0103\u0163ii Statelor Independente \u00een combaterea  cre\u015fterii morbidit\u0103\u0163ii prin diabet zaharat<\/a><\/p>\n<p><a href=\"http:\/\/lex.justice.md\/index.php?action=view&#038;view=doc&#038;lang=1&#038;id=326615\" target=\"_blank\">HOT\u0102R\u00ceRE cu privire la aprobarea Strategiei de dezvoltare a sistemului de s\u0103n\u0103tate \u00een perioada 2008-2017<\/a><\/p>","protected":false},"excerpt":{"rendered":"<p>&nbsp; LEGE privind supravegherea de stat a s\u0103n\u0103t\u0103\u0163ii publice LEGE privind minimul de asisten\u0163\u0103 medical\u0103 gratuit\u0103, garantat de stat HOT\u0102R\u00ceRE cu privire la Programul na\u0163ional de profilaxie \u015fi combatere a diabetului zaharat &#171;MoldDiab&#187; pentru anii 2002-2005 HOT\u0102R\u00ceRE pentru aprobarea Strategiei na\u0163ionale de prevenire \u015fi control al bolilor netransmisibile pe anii 2012\u20132020 HOT\u0102R\u00ceRE cu privire la&#8230;<\/p>\n","protected":false},"author":1,"featured_media":0,"parent":0,"menu_order":0,"comment_status":"open","ping_status":"open","template":"","meta":{"ngg_post_thumbnail":0},"yoast_head":"<!-- This site is optimized with the Yoast SEO plugin v18.5.1 - https:\/\/yoast.com\/wordpress\/plugins\/seo\/ -->\n<title>\u041d\u043e\u0440\u043c\u0430\u0442\u0438\u0432\u043d\u0430\u044f \u0431\u0430\u0437\u0430 - PRODIAB<\/title>\n<meta name=\"robots\" content=\"index, follow, max-snippet:-1, max-image-preview:large, max-video-preview:-1\" \/>\n<link rel=\"canonical\" href=\"http:\/\/prodiab.md\/ru\/baza-normativa\/\" \/>\n<meta property=\"og:locale\" content=\"ru_RU\" \/>\n<meta property=\"og:type\" content=\"article\" \/>\n<meta property=\"og:title\" content=\"\u041d\u043e\u0440\u043c\u0430\u0442\u0438\u0432\u043d\u0430\u044f \u0431\u0430\u0437\u0430 - PRODIAB\" \/>\n<meta property=\"og:description\" content=\"&nbsp; LEGE privind supravegherea de stat a s\u0103n\u0103t\u0103\u0163ii publice LEGE privind minimul de asisten\u0163\u0103 medical\u0103 gratuit\u0103, garantat de stat HOT\u0102R\u00ceRE cu privire la Programul na\u0163ional de profilaxie \u015fi combatere a diabetului zaharat &#171;MoldDiab&#187; pentru anii 2002-2005 HOT\u0102R\u00ceRE pentru aprobarea Strategiei na\u0163ionale de prevenire \u015fi control al bolilor netransmisibile pe anii 2012\u20132020 HOT\u0102R\u00ceRE cu privire la...\" \/>\n<meta property=\"og:url\" content=\"http:\/\/prodiab.md\/ru\/baza-normativa\/\" \/>\n<meta property=\"og:site_name\" content=\"PRODIAB\" \/>\n<meta name=\"twitter:card\" content=\"summary\" \/>\n<meta name=\"twitter:label1\" content=\"\u041f\u0440\u0438\u043c\u0435\u0440\u043d\u043e\u0435 \u0432\u0440\u0435\u043c\u044f \u0434\u043b\u044f \u0447\u0442\u0435\u043d\u0438\u044f\" \/>\n\t<meta name=\"twitter:data1\" content=\"2 \u043c\u0438\u043d\u0443\u0442\u044b\" \/>\n<script type=\"application\/ld+json\" class=\"yoast-schema-graph\">{\"@context\":\"https:\/\/schema.org\",\"@graph\":[{\"@type\":\"Organization\",\"@id\":\"http:\/\/prodiab.md\/ru\/#organization\",\"name\":\"\u0410\u0441\u0441\u043e\u0446\u0438\u0430\u0446\u0438\u044f \u0434\u0438\u0430\u0431\u0435\u0442\u0438\u043a\u043e\u0432 \u0420\u0435\u0441\u043f\u0443\u0431\u043b\u0438\u043a\u0438 \u041c\u043e\u043b\u0434\u043e\u0432\u0430\",\"url\":\"http:\/\/prodiab.md\/ru\/\",\"sameAs\":[],\"logo\":{\"@type\":\"ImageObject\",\"@id\":\"http:\/\/prodiab.md\/ru\/#logo\",\"inLanguage\":\"ru-RU\",\"url\":\"http:\/\/prodiab.md\/wp-content\/uploads\/2014\/06\/logo_test11.png\",\"contentUrl\":\"http:\/\/prodiab.md\/wp-content\/uploads\/2014\/06\/logo_test11.png\",\"width\":227,\"height\":69,\"caption\":\"\u0410\u0441\u0441\u043e\u0446\u0438\u0430\u0446\u0438\u044f \u0434\u0438\u0430\u0431\u0435\u0442\u0438\u043a\u043e\u0432 \u0420\u0435\u0441\u043f\u0443\u0431\u043b\u0438\u043a\u0438 \u041c\u043e\u043b\u0434\u043e\u0432\u0430\"},\"image\":{\"@id\":\"http:\/\/prodiab.md\/ru\/#logo\"}},{\"@type\":\"WebSite\",\"@id\":\"http:\/\/prodiab.md\/ru\/#website\",\"url\":\"http:\/\/prodiab.md\/ru\/\",\"name\":\"PRODIAB\",\"description\":\"Asociatia Diabeticilor din Republica Moldova &quot;PRODIAB&quot;\",\"publisher\":{\"@id\":\"http:\/\/prodiab.md\/ru\/#organization\"},\"potentialAction\":[{\"@type\":\"SearchAction\",\"target\":{\"@type\":\"EntryPoint\",\"urlTemplate\":\"http:\/\/prodiab.md\/ru\/?s={search_term_string}\"},\"query-input\":\"required name=search_term_string\"}],\"inLanguage\":\"ru-RU\"},{\"@type\":\"WebPage\",\"@id\":\"http:\/\/prodiab.md\/ru\/baza-normativa\/#webpage\",\"url\":\"http:\/\/prodiab.md\/ru\/baza-normativa\/\",\"name\":\"\u041d\u043e\u0440\u043c\u0430\u0442\u0438\u0432\u043d\u0430\u044f \u0431\u0430\u0437\u0430 - PRODIAB\",\"isPartOf\":{\"@id\":\"http:\/\/prodiab.md\/ru\/#website\"},\"datePublished\":\"2014-06-24T18:29:57+00:00\",\"dateModified\":\"2014-06-24T18:29:57+00:00\",\"breadcrumb\":{\"@id\":\"http:\/\/prodiab.md\/ru\/baza-normativa\/#breadcrumb\"},\"inLanguage\":\"ru-RU\",\"potentialAction\":[{\"@type\":\"ReadAction\",\"target\":[[\"http:\/\/prodiab.md\/ru\/baza-normativa\/\"]]}]},{\"@type\":\"BreadcrumbList\",\"@id\":\"http:\/\/prodiab.md\/ru\/baza-normativa\/#breadcrumb\",\"itemListElement\":[{\"@type\":\"ListItem\",\"position\":1,\"name\":\"\u0413\u043b\u0430\u0432\u043d\u043e\u0435 \u043c\u0435\u043d\u044e\",\"item\":\"http:\/\/prodiab.md\/ru\/\"},{\"@type\":\"ListItem\",\"position\":2,\"name\":\"\u041d\u043e\u0440\u043c\u0430\u0442\u0438\u0432\u043d\u0430\u044f \u0431\u0430\u0437\u0430\"}]}]}<\/script>\n<!-- \/ Yoast SEO plugin. -->","yoast_head_json":{"title":"\u041d\u043e\u0440\u043c\u0430\u0442\u0438\u0432\u043d\u0430\u044f \u0431\u0430\u0437\u0430 - PRODIAB","robots":{"index":"index","follow":"follow","max-snippet":"max-snippet:-1","max-image-preview":"max-image-preview:large","max-video-preview":"max-video-preview:-1"},"canonical":"http:\/\/prodiab.md\/ru\/baza-normativa\/","og_locale":"ru_RU","og_type":"article","og_title":"\u041d\u043e\u0440\u043c\u0430\u0442\u0438\u0432\u043d\u0430\u044f \u0431\u0430\u0437\u0430 - PRODIAB","og_description":"&nbsp; LEGE privind supravegherea de stat a s\u0103n\u0103t\u0103\u0163ii publice LEGE privind minimul de asisten\u0163\u0103 medical\u0103 gratuit\u0103, garantat de stat HOT\u0102R\u00ceRE cu privire la Programul na\u0163ional de profilaxie \u015fi combatere a diabetului zaharat &#171;MoldDiab&#187; pentru anii 2002-2005 HOT\u0102R\u00ceRE pentru aprobarea Strategiei na\u0163ionale de prevenire \u015fi control al bolilor netransmisibile pe anii 2012\u20132020 HOT\u0102R\u00ceRE cu privire la...","og_url":"http:\/\/prodiab.md\/ru\/baza-normativa\/","og_site_name":"PRODIAB","twitter_card":"summary","twitter_misc":{"\u041f\u0440\u0438\u043c\u0435\u0440\u043d\u043e\u0435 \u0432\u0440\u0435\u043c\u044f \u0434\u043b\u044f \u0447\u0442\u0435\u043d\u0438\u044f":"2 \u043c\u0438\u043d\u0443\u0442\u044b"},"schema":{"@context":"https:\/\/schema.org","@graph":[{"@type":"Organization","@id":"http:\/\/prodiab.md\/ru\/#organization","name":"\u0410\u0441\u0441\u043e\u0446\u0438\u0430\u0446\u0438\u044f \u0434\u0438\u0430\u0431\u0435\u0442\u0438\u043a\u043e\u0432 \u0420\u0435\u0441\u043f\u0443\u0431\u043b\u0438\u043a\u0438 \u041c\u043e\u043b\u0434\u043e\u0432\u0430","url":"http:\/\/prodiab.md\/ru\/","sameAs":[],"logo":{"@type":"ImageObject","@id":"http:\/\/prodiab.md\/ru\/#logo","inLanguage":"ru-RU","url":"http:\/\/prodiab.md\/wp-content\/uploads\/2014\/06\/logo_test11.png","contentUrl":"http:\/\/prodiab.md\/wp-content\/uploads\/2014\/06\/logo_test11.png","width":227,"height":69,"caption":"\u0410\u0441\u0441\u043e\u0446\u0438\u0430\u0446\u0438\u044f \u0434\u0438\u0430\u0431\u0435\u0442\u0438\u043a\u043e\u0432 \u0420\u0435\u0441\u043f\u0443\u0431\u043b\u0438\u043a\u0438 \u041c\u043e\u043b\u0434\u043e\u0432\u0430"},"image":{"@id":"http:\/\/prodiab.md\/ru\/#logo"}},{"@type":"WebSite","@id":"http:\/\/prodiab.md\/ru\/#website","url":"http:\/\/prodiab.md\/ru\/","name":"PRODIAB","description":"Asociatia Diabeticilor din Republica Moldova &quot;PRODIAB&quot;","publisher":{"@id":"http:\/\/prodiab.md\/ru\/#organization"},"potentialAction":[{"@type":"SearchAction","target":{"@type":"EntryPoint","urlTemplate":"http:\/\/prodiab.md\/ru\/?s={search_term_string}"},"query-input":"required name=search_term_string"}],"inLanguage":"ru-RU"},{"@type":"WebPage","@id":"http:\/\/prodiab.md\/ru\/baza-normativa\/#webpage","url":"http:\/\/prodiab.md\/ru\/baza-normativa\/","name":"\u041d\u043e\u0440\u043c\u0430\u0442\u0438\u0432\u043d\u0430\u044f \u0431\u0430\u0437\u0430 - PRODIAB","isPartOf":{"@id":"http:\/\/prodiab.md\/ru\/#website"},"datePublished":"2014-06-24T18:29:57+00:00","dateModified":"2014-06-24T18:29:57+00:00","breadcrumb":{"@id":"http:\/\/prodiab.md\/ru\/baza-normativa\/#breadcrumb"},"inLanguage":"ru-RU","potentialAction":[{"@type":"ReadAction","target":[["http:\/\/prodiab.md\/ru\/baza-normativa\/"]]}]},{"@type":"BreadcrumbList","@id":"http:\/\/prodiab.md\/ru\/baza-normativa\/#breadcrumb","itemListElement":[{"@type":"ListItem","position":1,"name":"\u0413\u043b\u0430\u0432\u043d\u043e\u0435 \u043c\u0435\u043d\u044e","item":"http:\/\/prodiab.md\/ru\/"},{"@type":"ListItem","position":2,"name":"\u041d\u043e\u0440\u043c\u0430\u0442\u0438\u0432\u043d\u0430\u044f \u0431\u0430\u0437\u0430"}]}]}},"_links":{"self":[{"href":"http:\/\/prodiab.md\/ru\/wp-json\/wp\/v2\/pages\/761"}],"collection":[{"href":"http:\/\/prodiab.md\/ru\/wp-json\/wp\/v2\/pages"}],"about":[{"href":"http:\/\/prodiab.md\/ru\/wp-json\/wp\/v2\/types\/page"}],"author":[{"embeddable":true,"href":"http:\/\/prodiab.md\/ru\/wp-json\/wp\/v2\/users\/1"}],"replies":[{"embeddable":true,"href":"http:\/\/prodiab.md\/ru\/wp-json\/wp\/v2\/comments?post=761"}],"version-history":[{"count":0,"href":"http:\/\/prodiab.md\/ru\/wp-json\/wp\/v2\/pages\/761\/revisions"}],"wp:attachment":[{"href":"http:\/\/prodiab.md\/ru\/wp-json\/wp\/v2\/media?parent=761"}],"curies":[{"name":"wp","href":"https:\/\/api.w.org\/{rel}","templated":true}]}}