{"id":495,"date":"2014-03-13T08:13:01","date_gmt":"2014-03-13T08:13:01","guid":{"rendered":"http:\/\/demo.thunderthemes.net\/medicals-wp\/?page_id=6"},"modified":"2019-07-11T15:38:27","modified_gmt":"2019-07-11T12:38:27","slug":"home-page","status":"publish","type":"page","link":"http:\/\/prodiab.md\/ru\/","title":{"rendered":"Asociatia Diabeticilor din Republica Moldova"},"content":{"rendered":"<p><\/p>\n<h2 class=\"titstyle\"><a href=\"http:\/\/prodiab.md\/ro\/category\/proiect\/\"><strong style=\"font-size: 1.2em; line-height: 1.5em;\">Re\u021beaua de \u0218coli ale Pacientului cu Diabet pentru fortificarea eforturilor de prevenire a diabetului zaharat<\/strong><\/a><\/h2>\n<p><a href=\"http:\/\/prodiab.md\/ro\/category\/proiect\/\"><img class=\"alignnone wp-image-7055 size-full\" src=\"http:\/\/prodiab.md\/wp-content\/uploads\/2018\/02\/line_logo2.jpg\" alt=\"\" width=\"100%\" srcset=\"http:\/\/prodiab.md\/wp-content\/uploads\/2018\/02\/line_logo2.jpg 847w, http:\/\/prodiab.md\/wp-content\/uploads\/2018\/02\/line_logo2-300x24.jpg 300w, http:\/\/prodiab.md\/wp-content\/uploads\/2018\/02\/line_logo2-768x63.jpg 768w\" sizes=\"(max-width: 847px) 100vw, 847px\" \/><\/a><br \/>\n<div class=\"row\">\n\t<article class=\"col-md-4 col-sm-4\">\n\t\t\n\t\t<div class=\"row\"><div class=\"col-md-12 col-sm-12\">\n\t\t\t<a href=\"http:\/\/prodiab.md\/ru\/reteaua-de-scoli-ale-pacientului-cu-diabet-pentru-fortificarea-eforturilor-de-prevenire-a-diabetului-zaharat\/\" title=\"Re\u021beaua de \u0218coli ale Pacientului cu Diabet pentru fortificarea eforturilor de prevenire a diabetului zaharat\"><img class=\"img-responsive h5 img-padder center-block\" src=\"http:\/\/prodiab.md\/wp-content\/uploads\/2018\/02\/proect-400x300.jpg\" alt=\"\" \/><\/a>\n\t\t\t<\/div><div class=\"col-md-12 col-sm-12\">\n\t\t\t<h2><a href=\"http:\/\/prodiab.md\/ru\/reteaua-de-scoli-ale-pacientului-cu-diabet-pentru-fortificarea-eforturilor-de-prevenire-a-diabetului-zaharat\/\">Re\u021beaua de \u0218coli ale Pacientului cu Diabet pentru fortificarea eforturilor de prevenire a diabetului zaharat<\/a><\/h2><p>DESPRE PROIECT Titlul: Re\u021beaua de \u0218coli ale Pacientului cu Diabet pentru fortificarea eforturilor de prevenire a diabetului zaharat ARGUMENTARE Diabetul zaharat reprezint\u0103 o maladie cu un impact grav asupra s\u0103n\u0103t\u0103\u021bi publice. \u00cen anul 2015 la nivel mondial erau \u00eenregistrate peste 415 milioane persoane cu diabet , iar c\u0103tre anul 2040\u00a0 se estimeaz\u0103 c\u0103 aceast\u0103 cifr\u0103...<\/p><\/div>\n\t\t\n\t\t<\/div>\n\t<\/article>\n\t<article class=\"col-md-4 col-sm-4\">\n\t\t\n\t\t<div class=\"row\"><div class=\"col-md-12 col-sm-12\">\n\t\t\t<a href=\"http:\/\/prodiab.md\/ru\/prediabetul-rus\/\" title=\"Prediabetul rus\"><img class=\"img-responsive h5 img-padder center-block\" src=\"http:\/\/prodiab.md\/wp-content\/uploads\/2019\/11\/DZ-Prediabetul_rus-2-1-400x300.jpg\" alt=\"\" \/><\/a>\n\t\t\t<\/div><div class=\"col-md-12 col-sm-12\">\n\t\t\t<h2><a href=\"http:\/\/prodiab.md\/ru\/prediabetul-rus\/\">Prediabetul rus<\/a><\/h2><p>&nbsp;&nbsp;&nbsp;&nbsp;http:\/\/prodiab.md\/wp-content\/uploads\/2019\/10\/DZ-Prediabetul_rus-2.pdf<\/p><\/div>\n\t\t\n\t\t<\/div>\n\t<\/article>\n\t<article class=\"col-md-4 col-sm-4\">\n\t\t\n\t\t<div class=\"row\"><div class=\"col-md-12 col-sm-12\">\n\t\t\t<a href=\"http:\/\/prodiab.md\/ru\/ziua-mondiala-a-diabetului\/\" title=\"Ziua mondiala a diabetului\"><img class=\"img-responsive h5 img-padder center-block\" src=\"http:\/\/prodiab.md\/wp-content\/uploads\/2019\/07\/IMG_0765-400x300.jpg\" alt=\"\" \/><\/a>\n\t\t\t<\/div><div class=\"col-md-12 col-sm-12\">\n\t\t\t<h2><a href=\"http:\/\/prodiab.md\/ru\/ziua-mondiala-a-diabetului\/\">Ziua mondiala a diabetului<\/a><\/h2><p><\/p><\/div>\n\t\t\n\t\t<\/div>\n\t<\/article><\/div><br \/>\n<div class=\"hr clearfix\" style=\"margin:20px 0\"><\/div><\/p>\n<h2 class=\"titstyle\"><strong style=\"font-size: 1.5em; line-height: 1.5em;\">\u015eTIRI<\/strong><\/h2>\n<p><div class=\"row\">\n\t<article class=\"col-md-4 col-sm-4\">\n\t\t\n\t\t<div class=\"row\"><div class=\"col-md-12 col-sm-12\">\n\t\t\t<a href=\"http:\/\/prodiab.md\/ru\/14-noiembrie-2024-ziua-mondiala-a-diabetului\/\" title=\"14 Noiembrie 2024- Ziua Mondiala a Diabetului\"><img class=\"img-responsive h5 img-padder center-block\" src=\"http:\/\/prodiab.md\/wp-content\/uploads\/2024\/11\/0-02-05-6afbb80b43ab8f4b9fc75e422847c357eff318bb60ad0dab08dd09e7eaddc12c_830f8983fd41604f-400x300.jpg\" alt=\"\" \/><\/a>\n\t\t\t<\/div><div class=\"col-md-12 col-sm-12\">\n\t\t\t<h2><a href=\"http:\/\/prodiab.md\/ru\/14-noiembrie-2024-ziua-mondiala-a-diabetului\/\">14 Noiembrie 2024- Ziua Mondiala a Diabetului<\/a><\/h2><p>Pe 14 noiembrie 2024, \u00een Republica Moldova a fost din nou marcat\u0103 Ziua Interna\u021bional\u0103 a Diabetului, atr\u0103g\u00e2nd aten\u021bia asupra importan\u021bei prevenirii \u0219i trat\u0103rii diabetului. Organizarea evenimentului a fost ini\u021biat\u0103 de Asocia\u021bia Diabeticilor din Republica Moldova \u201eProdiab\u201d \u00eempreun\u0103 cu Centrul de Excelen\u021b\u0103 \u00een Medicin\u0103 \u0219i Farmacie \u201eRaisa Pacalo\u201d, S.C IMUNOTEHNOMED S.R.L c\u00e2t \u0219i alte institu\u021bii medicale...<\/p><\/div>\n\t\t\n\t\t<\/div>\n\t<\/article>\n\t<article class=\"col-md-4 col-sm-4\">\n\t\t\n\t\t<div class=\"row\"><div class=\"col-md-12 col-sm-12\">\n\t\t\t<a href=\"http:\/\/prodiab.md\/ru\/14-noiembrie-2022-ziua-mondiala-a-diabetului\/\" title=\"14 \u043d\u043e\u044f\u0431\u0440\u044f 2022 &#8212; \u0412\u0441\u0435\u043c\u0438\u0440\u043d\u044b\u0439 \u0434\u0435\u043d\u044c \u0431\u043e\u0440\u044c\u0431\u044b \u0441 \u0434\u0438\u0430\u0431\u0435\u0442\u043e\u043c\"><img class=\"img-responsive h5 img-padder center-block\" src=\"http:\/\/prodiab.md\/wp-content\/uploads\/2022\/11\/315530122_812962926555262_3891750642863119325_n-400x300.jpg\" alt=\"\" \/><\/a>\n\t\t\t<\/div><div class=\"col-md-12 col-sm-12\">\n\t\t\t<h2><a href=\"http:\/\/prodiab.md\/ru\/14-noiembrie-2022-ziua-mondiala-a-diabetului\/\">14 \u043d\u043e\u044f\u0431\u0440\u044f 2022 &#8212; \u0412\u0441\u0435\u043c\u0438\u0440\u043d\u044b\u0439 \u0434\u0435\u043d\u044c \u0431\u043e\u0440\u044c\u0431\u044b \u0441 \u0434\u0438\u0430\u0431\u0435\u0442\u043e\u043c<\/a><\/h2><p><\/p><\/div>\n\t\t\n\t\t<\/div>\n\t<\/article>\n\t<article class=\"col-md-4 col-sm-4\">\n\t\t\n\t\t<div class=\"row\"><div class=\"col-md-12 col-sm-12\">\n\t\t\t<a href=\"http:\/\/prodiab.md\/ru\/14-noyabrya-vsemirnyj-den-borby-s-diabetom\/\" title=\"14 \u043d\u043e\u044f\u0431\u0440\u044f &#8212; \u0412\u0441\u0435\u043c\u0438\u0440\u043d\u044b\u0439 \u0434\u0435\u043d\u044c \u0431\u043e\u0440\u044c\u0431\u044b \u0441 \u0434\u0438\u0430\u0431\u0435\u0442\u043e\u043c\"><img class=\"img-responsive h5 img-padder center-block\" src=\"http:\/\/prodiab.md\/wp-content\/uploads\/2020\/11\/IMG_4092-400x300.jpg\" alt=\"\" \/><\/a>\n\t\t\t<\/div><div class=\"col-md-12 col-sm-12\">\n\t\t\t<h2><a href=\"http:\/\/prodiab.md\/ru\/14-noyabrya-vsemirnyj-den-borby-s-diabetom\/\">14 \u043d\u043e\u044f\u0431\u0440\u044f &#8212; \u0412\u0441\u0435\u043c\u0438\u0440\u043d\u044b\u0439 \u0434\u0435\u043d\u044c \u0431\u043e\u0440\u044c\u0431\u044b \u0441 \u0434\u0438\u0430\u0431\u0435\u0442\u043e\u043c<\/a><\/h2><p>\u041f\u0435\u0440\u0438\u043e\u0434 \u043f\u0430\u043d\u0434\u0435\u043c\u0438\u0438 \u043d\u0435 \u043f\u043e\u0437\u0432\u043e\u043b\u044f\u0435\u0442 \u043d\u0430\u043c \u043f\u0440\u043e\u0432\u043e\u0434\u0438\u0442\u044c \u043c\u0430\u0441\u0441\u043e\u0432\u044b\u0435 \u043c\u0435\u0440\u043e\u043f\u0440\u0438\u044f\u0442\u0438\u044f, \u043f\u043e\u0441\u0432\u044f\u0449\u0435\u043d\u043d\u044b\u0435 \u0412\u0441\u0435\u043c\u0438\u0440\u043d\u043e\u043c\u0443 \u0414\u043d\u044e \u0414\u0438\u0430\u0431\u0435\u0442\u0430 \u2013 14-\u043c\u0443 \u043d\u043e\u044f\u0431\u0440\u044e, \u043a\u0430\u043a \u043c\u044b \u044d\u0442\u043e \u0434\u0435\u043b\u0430\u043b\u0438 \u043f\u043e\u0441\u043b\u0435\u0434\u043d\u0438\u0435 \u0434\u0435\u0441\u044f\u0442\u044c \u043b\u0435\u0442. \u0422\u0435\u043c \u043d\u0435 \u043c\u0435\u043d\u0435\u0435, \u043c\u044b \u043d\u0435 \u043c\u043e\u0436\u0435\u043c \u043e\u0441\u0442\u0430\u0432\u0430\u0442\u044c\u0441\u044f \u0440\u0430\u0432\u043d\u043e\u0434\u0443\u0448\u043d\u044b\u043c\u0438 \u0438 \u0441\u043b\u0435\u0434\u0443\u044f \u0442\u0440\u0430\u0434\u0438\u0446\u0438\u044f\u043c \u043d\u0430\u0448\u0435\u0439 \u043a\u043e\u043c\u0430\u043d\u0434\u044b, \u0441\u043e\u0437\u0434\u0430\u043d\u043d\u044b\u043c \u0431\u043e\u043b\u0435\u0435 \u0434\u0435\u0441\u044f\u0442\u0438 \u043b\u0435\u0442,\u00a0 \u0445\u043e\u0442\u0438\u043c \u0431\u044b\u0442\u044c \u043a\u0430\u043a \u043c\u043e\u0436\u043d\u043e \u0431\u043b\u0438\u0436\u0435 \u043a \u043f\u0430\u0446\u0438\u0435\u043d\u0442\u0430\u043c \u0438 \u043d\u0430\u0441\u0435\u043b\u0435\u043d\u0438\u044e \u0438 \u043a\u0430\u043a \u0432\u0441\u0435\u0433\u0434\u0430, \u0434\u043e\u043d\u0435\u0441\u0442\u0438 \u043d\u0430\u0448 \u00a0\u043a\u043b\u044e\u0447\u0435\u0432\u043e\u0439 \u043f\u0440\u0438\u0437\u044b\u0432...<\/p><\/div>\n\t\t\n\t\t<\/div>\n\t<\/article><\/div><br \/>\n<div class=\"hr clearfix\" style=\"margin:20px 0\"><\/div><\/p>\n<h2 class=\"titstyle\"><strong style=\"font-size: 1.5em; line-height: 1.5em;\">INOVA\u0162II \u00ceN DOMENIU<\/strong><\/h2>\n<p><div class=\"row\">\n\t<article class=\"col-md-4 col-sm-4\">\n\t\t\n\t\t<div class=\"row\"><div class=\"col-md-12 col-sm-12\">\n\t\t\t<a href=\"http:\/\/prodiab.md\/ru\/ww-zdorovieinfo-ru\/\" title=\"ww.zdorovieinfo.ru\"><img class=\"img-responsive h5 img-padder center-block\" src=\"http:\/\/prodiab.md\/wp-content\/uploads\/2018\/04\/biomeditsinskaya-tatuirovka-400x300.jpg\" alt=\"\" \/><\/a>\n\t\t\t<\/div><div class=\"col-md-12 col-sm-12\">\n\t\t\t<h2><a href=\"http:\/\/prodiab.md\/ru\/ww-zdorovieinfo-ru\/\">ww.zdorovieinfo.ru<\/a><\/h2><p>\u0420\u0438\u0441\u0443\u043d\u043a\u0438 \u043d\u0430 \u0442\u0435\u043b\u0435 \u0442\u0435\u043f\u0435\u0440\u044c \u0431\u0443\u0434\u0443\u0442 \u043d\u0435 \u0442\u043e\u043b\u044c\u043a\u043e \u0440\u0430\u0434\u043e\u0432\u0430\u0442\u044c \u0433\u043b\u0430\u0437 \u0438 \u043d\u0430\u043f\u043e\u043c\u0438\u043d\u0430\u0442\u044c \u043e \u0432\u0430\u0436\u043d\u044b\u0445 \u0441\u043e\u0431\u044b\u0442\u0438\u044f\u0445 \u0432 \u0436\u0438\u0437\u043d\u0438. \u0421\u043a\u043e\u0440\u043e \u043e\u043d\u0438 \u0441\u043c\u043e\u0433\u0443\u0442 \u043f\u0440\u0435\u0434\u0443\u043f\u0440\u0435\u0436\u0434\u0430\u0442\u044c \u0447\u0435\u043b\u043e\u0432\u0435\u043a\u0430 \u043e \u043f\u0440\u043e\u0431\u043b\u0435\u043c\u0430\u0445 \u0441\u043e \u0437\u0434\u043e\u0440\u043e\u0432\u044c\u0435\u043c. \u0428\u0432\u0435\u0439\u0446\u0430\u0440\u0441\u043a\u0438\u0435 \u0443\u0447\u0451\u043d\u044b\u0435 \u0441\u043e\u0437\u0434\u0430\u043b\u0438 \u043d\u043e\u0432\u044b\u0439 \u0432\u0438\u0434 \u0442\u0430\u0442\u0443\u0438\u0440\u043e\u0432\u043a\u0438: \u043e\u043d\u0430 \u043f\u0440\u043e\u044f\u0432\u043b\u044f\u0435\u0442\u0441\u044f \u0432 \u0441\u043b\u0443\u0447\u0430\u0435, \u0435\u0441\u043b\u0438 \u0432\u00a0\u043a\u0440\u043e\u0432\u0438 \u043f\u043e\u0432\u044b\u0448\u0435\u043d \u0443\u0440\u043e\u0432\u0435\u043d\u044c \u043a\u0430\u043b\u044c\u0446\u0438\u044f. \u0422\u0430\u043a\u043e\u0435 \u0441\u043b\u0443\u0447\u0430\u0435\u0442\u0441\u044f \u043f\u0440\u0438 \u043d\u0435\u043a\u043e\u0442\u043e\u0440\u044b\u0445 \u0432\u0438\u0434\u0430\u0445 \u0440\u0430\u043a\u0430 \u043f\u0440\u0435\u0436\u0434\u0435, \u0447\u0435\u043c \u043f\u043e\u044f\u0432\u043b\u044f\u044e\u0442\u0441\u044f \u0441\u0438\u043c\u043f\u0442\u043e\u043c\u044b. \u0420\u0430\u0431\u043e\u0442\u0430\u0435\u0442 \u044d\u0442\u043e \u0442\u0430\u043a: \u043f\u043e\u0434 \u043a\u043e\u0436\u0443...<\/p><\/div>\n\t\t\n\t\t<\/div>\n\t<\/article>\n\t<article class=\"col-md-4 col-sm-4\">\n\t\t\n\t\t<div class=\"row\"><div class=\"col-md-12 col-sm-12\">\n\t\t\t<a href=\"http:\/\/prodiab.md\/ru\/najden-geneticheskij-znak-diabeta-1-tipa\/\" title=\"\u041d\u0430\u0439\u0434\u0435\u043d \u0433\u0435\u043d\u0435\u0442\u0438\u0447\u0435\u0441\u043a\u0438\u0439 \u0437\u043d\u0430\u043a \u0434\u0438\u0430\u0431\u0435\u0442\u0430 1 \u0442\u0438\u043f\u0430!\"><img class=\"img-responsive h5 img-padder center-block\" src=\"http:\/\/prodiab.md\/wp-content\/uploads\/2018\/04\/first_iview_21_0-400x300.jpg\" alt=\"\" \/><\/a>\n\t\t\t<\/div><div class=\"col-md-12 col-sm-12\">\n\t\t\t<h2><a href=\"http:\/\/prodiab.md\/ru\/najden-geneticheskij-znak-diabeta-1-tipa\/\">\u041d\u0430\u0439\u0434\u0435\u043d \u0433\u0435\u043d\u0435\u0442\u0438\u0447\u0435\u0441\u043a\u0438\u0439 \u0437\u043d\u0430\u043a \u0434\u0438\u0430\u0431\u0435\u0442\u0430 1 \u0442\u0438\u043f\u0430!<\/a><\/h2><p>\u0418\u0441\u0441\u043b\u0435\u0434\u043e\u0432\u0430\u0442\u0435\u043b\u0438 \u0438\u0437 \u0423\u043d\u0438\u0432\u0435\u0440\u0441\u0438\u0442\u0435\u0442\u0430 \u041a\u0432\u0438\u043d\u0441\u043b\u0435\u043d\u0434\u0430 \u043d\u0430\u0448\u043b\u0438 \u0441\u043f\u043e\u0441\u043e\u0431 \u0438\u0434\u0435\u043d\u0442\u0438\u0444\u0438\u0446\u0438\u0440\u043e\u0432\u0430\u0442\u044c \u043c\u043b\u0430\u0434\u0435\u043d\u0446\u0435\u0432, \u043a\u043e\u0442\u043e\u0440\u044b\u0435 \u0432 \u0431\u0443\u0434\u0443\u0449\u0435\u043c \u043c\u043e\u0433\u0443\u0442 \u043f\u0440\u0438\u043e\u0431\u0440\u0435\u0441\u0442\u0438 \u0434\u0438\u0430\u0431\u0435\u0442 1 \u0442\u0438\u043f\u0430 &#8212; \u043f\u043e \u043e\u0431\u043d\u0430\u0440\u0443\u0436\u0435\u043d\u043d\u044b\u043c \u0430\u043d\u0442\u0438\u0442\u0435\u043b\u0430\u043c. \u0423 \u0431\u043e\u043b\u044c\u0448\u0438\u043d\u0441\u0442\u0432\u0430 \u0434\u0435\u0442\u0435\u0439 \u0441 \u044d\u0442\u0438\u043c \u0437\u0430\u0431\u043e\u043b\u0435\u0432\u0430\u043d\u0438\u0435\u043c \u043d\u0435\u0442 \u0441\u0435\u043c\u0435\u0439\u043d\u043e\u0439 \u0438\u0441\u0442\u043e\u0440\u0438\u0438 \u0431\u043e\u043b\u0435\u0437\u043d\u0438, \u043f\u043e\u044d\u0442\u043e\u043c\u0443 \u0441\u043a\u0440\u0438\u043d\u0438\u043d\u0433 \u043c\u043e\u0436\u0435\u0442 \u0441\u043d\u0438\u0437\u0438\u0442\u044c \u0440\u0438\u0441\u043a \u043e\u0441\u043b\u043e\u0436\u043d\u0435\u043d\u0438\u0439, \u0441\u0447\u0438\u0442\u0430\u0435\u0442 \u043f\u0440\u043e\u0444\u0435\u0441\u0441\u043e\u0440 \u0422\u043e\u043c\u0430\u0441, \u043f\u0440\u043e\u0432\u043e\u0434\u0438\u0432\u0448\u0438\u0439 \u0438\u0441\u0441\u043b\u0435\u0434\u043e\u0432\u0430\u043d\u0438\u0435. \u041d\u0430 \u0440\u0430\u043d\u043d\u0435\u0439 \u0441\u0442\u0430\u0434\u0438\u0438 \u0436\u0438\u0437\u043d\u0438 \u0442\u0430\u043a\u0438\u0435 \u043e\u0431\u0441\u043b\u0435\u0434\u043e\u0432\u0430\u043d\u0438\u044f \u043f\u043e\u043c\u043e\u0433\u0430\u044e\u0442 \u0438\u0434\u0435\u043d\u0442\u0438\u0444\u0438\u0446\u0438\u0440\u043e\u0432\u0430\u0442\u044c \u043b\u044e\u0434\u0435\u0439 \u0438\u0437 \u0433\u0440\u0443\u043f\u043f\u044b \u0440\u0438\u0441\u043a\u0430, \u0443 \u043a\u043e\u0442\u043e\u0440\u044b\u0445...<\/p><\/div>\n\t\t\n\t\t<\/div>\n\t<\/article>\n\t<article class=\"col-md-4 col-sm-4\">\n\t\t\n\t\t<div class=\"row\"><div class=\"col-md-12 col-sm-12\">\n\t\t\t<a href=\"http:\/\/prodiab.md\/ru\/uchenye-poborot-ozhirenie-diabet-pomogut-datchiki-v-zubah\/\" title=\"\u0423\u0447\u0435\u043d\u044b\u0435: \u043f\u043e\u0431\u043e\u0440\u043e\u0442\u044c \u043e\u0436\u0438\u0440\u0435\u043d\u0438\u0435 \u0438 \u0434\u0438\u0430\u0431\u0435\u0442 \u043f\u043e\u043c\u043e\u0433\u0443\u0442 \u0434\u0430\u0442\u0447\u0438\u043a\u0438 \u0432 \u0437\u0443\u0431\u0430\u0445 !\"><img class=\"img-responsive h5 img-padder center-block\" src=\"http:\/\/prodiab.md\/wp-content\/uploads\/2018\/03\/teeth1-400x300.jpg\" alt=\"\" \/><\/a>\n\t\t\t<\/div><div class=\"col-md-12 col-sm-12\">\n\t\t\t<h2><a href=\"http:\/\/prodiab.md\/ru\/uchenye-poborot-ozhirenie-diabet-pomogut-datchiki-v-zubah\/\">\u0423\u0447\u0435\u043d\u044b\u0435: \u043f\u043e\u0431\u043e\u0440\u043e\u0442\u044c \u043e\u0436\u0438\u0440\u0435\u043d\u0438\u0435 \u0438 \u0434\u0438\u0430\u0431\u0435\u0442 \u043f\u043e\u043c\u043e\u0433\u0443\u0442 \u0434\u0430\u0442\u0447\u0438\u043a\u0438 \u0432 \u0437\u0443\u0431\u0430\u0445 !<\/a><\/h2><p>\u0421\u043f\u0435\u0446\u0438\u0430\u043b\u0438\u0441\u0442\u044b \u0438\u0437 \u043e\u0442\u0434\u0435\u043b\u0430 \u0431\u0438\u043e\u043c\u0435\u0434\u0438\u0446\u0438\u043d\u0441\u043a\u043e\u0439 \u0438\u043d\u0436\u0435\u043d\u0435\u0440\u0438\u0438 \u0441\u043e\u0437\u0434\u0430\u043b\u0438 \u043f\u0440\u0438\u0431\u043e\u0440, \u043a\u043e\u0442\u043e\u0440\u044b\u0439 \u043c\u043e\u0436\u0435\u0442 \u0432\u0441\u0435 \u0432\u0440\u0435\u043c\u044f \u0441\u043b\u0435\u0434\u0438\u0442\u044c \u0437\u0430 \u043a\u043e\u043b\u0438\u0447\u0435\u0441\u0442\u0432\u043e\u043c \u0443\u043f\u043e\u0442\u0440\u0435\u0431\u043b\u044f\u0435\u043c\u044b\u0445 \u043a\u0430\u043b\u043e\u0440\u0438\u0439 \u0438 \u0443\u0440\u043e\u0432\u043d\u0435\u043c \u0441\u0430\u0445\u0430\u0440\u0430. \u0413\u0430\u0434\u0436\u0435\u0442 \u0431\u0443\u0434\u0435\u0442 \u0440\u0430\u0441\u043f\u043e\u043b\u0430\u0433\u0430\u0442\u044c\u0441\u044f \u0432 \u0437\u0443\u0431\u0430\u0445 \u043f\u0430\u0446\u0438\u0435\u043d\u0442\u0430. \u041a\u0430\u043a \u043f\u0438\u0448\u0435\u0442 \u043f\u043e\u0440\u0442\u0430\u043b argumentiru.com, \u043c\u0438\u043a\u0440\u043e\u0441\u043a\u043e\u043f\u0438\u0447\u0435\u0441\u043a\u043e\u0435 \u0443\u0441\u0442\u0440\u043e\u0439\u0441\u0442\u0432\u043e \u0444\u0438\u043a\u0441\u0438\u0440\u0443\u0435\u0442\u0441\u044f \u043d\u0430 \u0437\u0443\u0431\u0435. \u0421\u043f\u0435\u0446\u0438\u0430\u043b\u044c\u043d\u044b\u0439 \u0441\u0435\u043d\u0441\u043e\u0440 \u043f\u043e\u0437\u0432\u043e\u043b\u044f\u0435\u0442 \u0444\u0438\u043a\u0441\u0438\u0440\u043e\u0432\u0430\u0442\u044c \u0438\u043d\u0444\u043e\u0440\u043c\u0430\u0446\u0438\u044e \u043e \u043f\u043e\u0442\u0440\u0435\u0431\u043b\u044f\u0435\u043c\u043e\u0439 \u0447\u0435\u043b\u043e\u0432\u0435\u043a\u043e\u043c \u043f\u0438\u0449\u0435, \u0435\u0435 \u043f\u0438\u0442\u0430\u0442\u0435\u043b\u044c\u043d\u043e\u0439 \u0446\u0435\u043d\u043d\u043e\u0441\u0442\u0438.. &#8212; \u0414\u0430\u0442\u0447\u0438\u043a \u0438\u043c\u0435\u0435\u0442 \u0440\u0430\u0437\u043c\u0435\u0440\u00a0 2 \u043d\u0430 2 \u043c\u0438\u043b\u043b\u0438\u043c\u0435\u0442\u0440\u0430. \u0423\u0441\u0442\u0440\u043e\u0439\u0441\u0442\u0432\u043e...<\/p><\/div>\n\t\t\n\t\t<\/div>\n\t<\/article><\/div><br \/>\n<div class=\"hr clearfix\" style=\"margin:20px 0\"><\/div><\/p>","protected":false},"excerpt":{"rendered":"<p>Re\u021beaua de \u0218coli ale Pacientului cu Diabet pentru fortificarea eforturilor de prevenire a diabetului zaharat \u015eTIRI INOVA\u0162II \u00ceN DOMENIU<\/p>\n","protected":false},"author":1,"featured_media":0,"parent":0,"menu_order":0,"comment_status":"closed","ping_status":"closed","template":"","meta":{"ngg_post_thumbnail":0},"yoast_head":"<!-- This site is optimized with the Yoast SEO plugin v18.5.1 - https:\/\/yoast.com\/wordpress\/plugins\/seo\/ -->\n<title>Asociatia Diabeticilor din Republica Moldova - PRODIAB<\/title>\n<meta name=\"robots\" content=\"index, follow, max-snippet:-1, max-image-preview:large, max-video-preview:-1\" \/>\n<link rel=\"canonical\" href=\"http:\/\/prodiab.md\/ru\/\" \/>\n<meta property=\"og:locale\" content=\"ru_RU\" \/>\n<meta property=\"og:type\" content=\"article\" \/>\n<meta property=\"og:title\" content=\"Asociatia Diabeticilor din Republica Moldova - PRODIAB\" \/>\n<meta property=\"og:description\" content=\"Re\u021beaua de \u0218coli ale Pacientului cu Diabet pentru fortificarea eforturilor de prevenire a diabetului zaharat \u015eTIRI INOVA\u0162II \u00ceN DOMENIU\" \/>\n<meta property=\"og:url\" content=\"http:\/\/prodiab.md\/ru\/\" \/>\n<meta property=\"og:site_name\" content=\"PRODIAB\" \/>\n<meta property=\"article:modified_time\" content=\"2019-07-11T12:38:27+00:00\" \/>\n<meta property=\"og:image\" content=\"http:\/\/prodiab.md\/wp-content\/uploads\/2018\/02\/line_logo2.jpg\" \/>\n<meta name=\"twitter:card\" content=\"summary\" \/>\n<meta name=\"twitter:label1\" content=\"\u041f\u0440\u0438\u043c\u0435\u0440\u043d\u043e\u0435 \u0432\u0440\u0435\u043c\u044f \u0434\u043b\u044f \u0447\u0442\u0435\u043d\u0438\u044f\" \/>\n\t<meta name=\"twitter:data1\" content=\"1 \u043c\u0438\u043d\u0443\u0442\u0430\" \/>\n<script type=\"application\/ld+json\" class=\"yoast-schema-graph\">{\"@context\":\"https:\/\/schema.org\",\"@graph\":[{\"@type\":\"Organization\",\"@id\":\"http:\/\/prodiab.md\/ru\/#organization\",\"name\":\"\u0410\u0441\u0441\u043e\u0446\u0438\u0430\u0446\u0438\u044f \u0434\u0438\u0430\u0431\u0435\u0442\u0438\u043a\u043e\u0432 \u0420\u0435\u0441\u043f\u0443\u0431\u043b\u0438\u043a\u0438 \u041c\u043e\u043b\u0434\u043e\u0432\u0430\",\"url\":\"http:\/\/prodiab.md\/ru\/\",\"sameAs\":[],\"logo\":{\"@type\":\"ImageObject\",\"@id\":\"http:\/\/prodiab.md\/ru\/#logo\",\"inLanguage\":\"ru-RU\",\"url\":\"http:\/\/prodiab.md\/wp-content\/uploads\/2014\/06\/logo_test11.png\",\"contentUrl\":\"http:\/\/prodiab.md\/wp-content\/uploads\/2014\/06\/logo_test11.png\",\"width\":227,\"height\":69,\"caption\":\"\u0410\u0441\u0441\u043e\u0446\u0438\u0430\u0446\u0438\u044f \u0434\u0438\u0430\u0431\u0435\u0442\u0438\u043a\u043e\u0432 \u0420\u0435\u0441\u043f\u0443\u0431\u043b\u0438\u043a\u0438 \u041c\u043e\u043b\u0434\u043e\u0432\u0430\"},\"image\":{\"@id\":\"http:\/\/prodiab.md\/ru\/#logo\"}},{\"@type\":\"WebSite\",\"@id\":\"http:\/\/prodiab.md\/ru\/#website\",\"url\":\"http:\/\/prodiab.md\/ru\/\",\"name\":\"PRODIAB\",\"description\":\"Asociatia Diabeticilor din Republica Moldova &quot;PRODIAB&quot;\",\"publisher\":{\"@id\":\"http:\/\/prodiab.md\/ru\/#organization\"},\"potentialAction\":[{\"@type\":\"SearchAction\",\"target\":{\"@type\":\"EntryPoint\",\"urlTemplate\":\"http:\/\/prodiab.md\/ru\/?s={search_term_string}\"},\"query-input\":\"required name=search_term_string\"}],\"inLanguage\":\"ru-RU\"},{\"@type\":\"ImageObject\",\"@id\":\"http:\/\/prodiab.md\/ru\/#primaryimage\",\"inLanguage\":\"ru-RU\",\"url\":\"http:\/\/prodiab.md\/wp-content\/uploads\/2018\/02\/line_logo2.jpg\",\"contentUrl\":\"http:\/\/prodiab.md\/wp-content\/uploads\/2018\/02\/line_logo2.jpg\",\"width\":847,\"height\":69},{\"@type\":\"WebPage\",\"@id\":\"http:\/\/prodiab.md\/ru\/#webpage\",\"url\":\"http:\/\/prodiab.md\/ru\/\",\"name\":\"Asociatia Diabeticilor din Republica Moldova - PRODIAB\",\"isPartOf\":{\"@id\":\"http:\/\/prodiab.md\/ru\/#website\"},\"primaryImageOfPage\":{\"@id\":\"http:\/\/prodiab.md\/ru\/#primaryimage\"},\"datePublished\":\"2014-03-13T08:13:01+00:00\",\"dateModified\":\"2019-07-11T12:38:27+00:00\",\"breadcrumb\":{\"@id\":\"http:\/\/prodiab.md\/ru\/#breadcrumb\"},\"inLanguage\":\"ru-RU\",\"potentialAction\":[{\"@type\":\"ReadAction\",\"target\":[[\"http:\/\/prodiab.md\/ru\/\"]]}]},{\"@type\":\"BreadcrumbList\",\"@id\":\"http:\/\/prodiab.md\/ru\/#breadcrumb\",\"itemListElement\":[{\"@type\":\"ListItem\",\"position\":1,\"name\":\"\u0413\u043b\u0430\u0432\u043d\u043e\u0435 \u043c\u0435\u043d\u044e\",\"item\":\"http:\/\/prodiab.md\/ru\/\"},{\"@type\":\"ListItem\",\"position\":2,\"name\":\"Asociatia Diabeticilor din Republica Moldova\"}]}]}<\/script>\n<!-- \/ Yoast SEO plugin. -->","yoast_head_json":{"title":"Asociatia Diabeticilor din Republica Moldova - PRODIAB","robots":{"index":"index","follow":"follow","max-snippet":"max-snippet:-1","max-image-preview":"max-image-preview:large","max-video-preview":"max-video-preview:-1"},"canonical":"http:\/\/prodiab.md\/ru\/","og_locale":"ru_RU","og_type":"article","og_title":"Asociatia Diabeticilor din Republica Moldova - PRODIAB","og_description":"Re\u021beaua de \u0218coli ale Pacientului cu Diabet pentru fortificarea eforturilor de prevenire a diabetului zaharat \u015eTIRI INOVA\u0162II \u00ceN DOMENIU","og_url":"http:\/\/prodiab.md\/ru\/","og_site_name":"PRODIAB","article_modified_time":"2019-07-11T12:38:27+00:00","og_image":[{"url":"http:\/\/prodiab.md\/wp-content\/uploads\/2018\/02\/line_logo2.jpg"}],"twitter_card":"summary","twitter_misc":{"\u041f\u0440\u0438\u043c\u0435\u0440\u043d\u043e\u0435 \u0432\u0440\u0435\u043c\u044f \u0434\u043b\u044f \u0447\u0442\u0435\u043d\u0438\u044f":"1 \u043c\u0438\u043d\u0443\u0442\u0430"},"schema":{"@context":"https:\/\/schema.org","@graph":[{"@type":"Organization","@id":"http:\/\/prodiab.md\/ru\/#organization","name":"\u0410\u0441\u0441\u043e\u0446\u0438\u0430\u0446\u0438\u044f \u0434\u0438\u0430\u0431\u0435\u0442\u0438\u043a\u043e\u0432 \u0420\u0435\u0441\u043f\u0443\u0431\u043b\u0438\u043a\u0438 \u041c\u043e\u043b\u0434\u043e\u0432\u0430","url":"http:\/\/prodiab.md\/ru\/","sameAs":[],"logo":{"@type":"ImageObject","@id":"http:\/\/prodiab.md\/ru\/#logo","inLanguage":"ru-RU","url":"http:\/\/prodiab.md\/wp-content\/uploads\/2014\/06\/logo_test11.png","contentUrl":"http:\/\/prodiab.md\/wp-content\/uploads\/2014\/06\/logo_test11.png","width":227,"height":69,"caption":"\u0410\u0441\u0441\u043e\u0446\u0438\u0430\u0446\u0438\u044f \u0434\u0438\u0430\u0431\u0435\u0442\u0438\u043a\u043e\u0432 \u0420\u0435\u0441\u043f\u0443\u0431\u043b\u0438\u043a\u0438 \u041c\u043e\u043b\u0434\u043e\u0432\u0430"},"image":{"@id":"http:\/\/prodiab.md\/ru\/#logo"}},{"@type":"WebSite","@id":"http:\/\/prodiab.md\/ru\/#website","url":"http:\/\/prodiab.md\/ru\/","name":"PRODIAB","description":"Asociatia Diabeticilor din Republica Moldova &quot;PRODIAB&quot;","publisher":{"@id":"http:\/\/prodiab.md\/ru\/#organization"},"potentialAction":[{"@type":"SearchAction","target":{"@type":"EntryPoint","urlTemplate":"http:\/\/prodiab.md\/ru\/?s={search_term_string}"},"query-input":"required name=search_term_string"}],"inLanguage":"ru-RU"},{"@type":"ImageObject","@id":"http:\/\/prodiab.md\/ru\/#primaryimage","inLanguage":"ru-RU","url":"http:\/\/prodiab.md\/wp-content\/uploads\/2018\/02\/line_logo2.jpg","contentUrl":"http:\/\/prodiab.md\/wp-content\/uploads\/2018\/02\/line_logo2.jpg","width":847,"height":69},{"@type":"WebPage","@id":"http:\/\/prodiab.md\/ru\/#webpage","url":"http:\/\/prodiab.md\/ru\/","name":"Asociatia Diabeticilor din Republica Moldova - PRODIAB","isPartOf":{"@id":"http:\/\/prodiab.md\/ru\/#website"},"primaryImageOfPage":{"@id":"http:\/\/prodiab.md\/ru\/#primaryimage"},"datePublished":"2014-03-13T08:13:01+00:00","dateModified":"2019-07-11T12:38:27+00:00","breadcrumb":{"@id":"http:\/\/prodiab.md\/ru\/#breadcrumb"},"inLanguage":"ru-RU","potentialAction":[{"@type":"ReadAction","target":[["http:\/\/prodiab.md\/ru\/"]]}]},{"@type":"BreadcrumbList","@id":"http:\/\/prodiab.md\/ru\/#breadcrumb","itemListElement":[{"@type":"ListItem","position":1,"name":"\u0413\u043b\u0430\u0432\u043d\u043e\u0435 \u043c\u0435\u043d\u044e","item":"http:\/\/prodiab.md\/ru\/"},{"@type":"ListItem","position":2,"name":"Asociatia Diabeticilor din Republica Moldova"}]}]}},"_links":{"self":[{"href":"http:\/\/prodiab.md\/ru\/wp-json\/wp\/v2\/pages\/495"}],"collection":[{"href":"http:\/\/prodiab.md\/ru\/wp-json\/wp\/v2\/pages"}],"about":[{"href":"http:\/\/prodiab.md\/ru\/wp-json\/wp\/v2\/types\/page"}],"author":[{"embeddable":true,"href":"http:\/\/prodiab.md\/ru\/wp-json\/wp\/v2\/users\/1"}],"replies":[{"embeddable":true,"href":"http:\/\/prodiab.md\/ru\/wp-json\/wp\/v2\/comments?post=495"}],"version-history":[{"count":38,"href":"http:\/\/prodiab.md\/ru\/wp-json\/wp\/v2\/pages\/495\/revisions"}],"predecessor-version":[{"id":7804,"href":"http:\/\/prodiab.md\/ru\/wp-json\/wp\/v2\/pages\/495\/revisions\/7804"}],"wp:attachment":[{"href":"http:\/\/prodiab.md\/ru\/wp-json\/wp\/v2\/media?parent=495"}],"curies":[{"name":"wp","href":"https:\/\/api.w.org\/{rel}","templated":true}]}}