{"id":544,"date":"2014-05-12T13:47:13","date_gmt":"2014-05-12T09:47:13","guid":{"rendered":"http:\/\/prodiab.md\/?page_id=544"},"modified":"2015-12-18T23:01:12","modified_gmt":"2015-12-18T20:01:12","slug":"despre-asociatia-prodiab","status":"publish","type":"page","link":"http:\/\/prodiab.md\/en\/despre-asociatia-prodiab\/","title":{"rendered":"(Rom\u00e2n\u0103) DESPRE ASOCIA\u0162IA PRODIAB"},"content":{"rendered":"<p class=\"qtranxs-available-languages-message qtranxs-available-languages-message-en\">Sorry, this entry is only available in <a href=\"http:\/\/prodiab.md\/ro\/wp-json\/wp\/v2\/pages\/544\" class=\"qtranxs-available-language-link qtranxs-available-language-link-ro\" title=\"Rom\u00e2n\u0103\">Romanian<\/a> and <a href=\"http:\/\/prodiab.md\/ru\/wp-json\/wp\/v2\/pages\/544\" class=\"qtranxs-available-language-link qtranxs-available-language-link-ru\" title=\"\u0420\u0443\u0441\u0441\u043a\u0438\u0439\">Russian<\/a>.<\/p>","protected":false},"excerpt":{"rendered":"<p>Sorry, this entry is only available in Romanian and Russian.<\/p>\n","protected":false},"author":1,"featured_media":0,"parent":0,"menu_order":0,"comment_status":"closed","ping_status":"closed","template":"","meta":{"ngg_post_thumbnail":0},"yoast_head":"<!-- This site is optimized with the Yoast SEO plugin v18.5.1 - https:\/\/yoast.com\/wordpress\/plugins\/seo\/ -->\n<title>(Rom\u00e2n\u0103) DESPRE ASOCIA\u0162IA PRODIAB - PRODIAB<\/title>\n<meta name=\"robots\" content=\"index, follow, max-snippet:-1, max-image-preview:large, max-video-preview:-1\" \/>\n<link rel=\"canonical\" href=\"http:\/\/prodiab.md\/en\/despre-asociatia-prodiab\/\" \/>\n<meta property=\"og:locale\" content=\"en_US\" \/>\n<meta property=\"og:type\" content=\"article\" \/>\n<meta property=\"og:title\" content=\"(Rom\u00e2n\u0103) DESPRE ASOCIA\u0162IA PRODIAB - PRODIAB\" \/>\n<meta property=\"og:description\" content=\"Sorry, this entry is only available in Romanian and Russian.\" \/>\n<meta property=\"og:url\" content=\"http:\/\/prodiab.md\/en\/despre-asociatia-prodiab\/\" \/>\n<meta property=\"og:site_name\" content=\"PRODIAB\" \/>\n<meta property=\"article:modified_time\" content=\"2015-12-18T20:01:12+00:00\" \/>\n<meta property=\"og:image\" content=\"http:\/\/prodiab.md\/wp-content\/uploads\/2014\/06\/logo_test1.png\" \/>\n<meta name=\"twitter:card\" content=\"summary\" \/>\n<meta name=\"twitter:label1\" content=\"Est. reading time\" \/>\n\t<meta name=\"twitter:data1\" content=\"2 minutes\" \/>\n<script type=\"application\/ld+json\" class=\"yoast-schema-graph\">{\"@context\":\"https:\/\/schema.org\",\"@graph\":[{\"@type\":\"Organization\",\"@id\":\"http:\/\/prodiab.md\/en\/#organization\",\"name\":\"Association of Diabetics of the Republic of Moldova\",\"url\":\"http:\/\/prodiab.md\/en\/\",\"sameAs\":[],\"logo\":{\"@type\":\"ImageObject\",\"@id\":\"http:\/\/prodiab.md\/en\/#logo\",\"inLanguage\":\"en-US\",\"url\":\"http:\/\/prodiab.md\/wp-content\/uploads\/2014\/06\/logo_test11.png\",\"contentUrl\":\"http:\/\/prodiab.md\/wp-content\/uploads\/2014\/06\/logo_test11.png\",\"width\":227,\"height\":69,\"caption\":\"Association of Diabetics of the Republic of Moldova\"},\"image\":{\"@id\":\"http:\/\/prodiab.md\/en\/#logo\"}},{\"@type\":\"WebSite\",\"@id\":\"http:\/\/prodiab.md\/en\/#website\",\"url\":\"http:\/\/prodiab.md\/en\/\",\"name\":\"PRODIAB\",\"description\":\"Asociatia Diabeticilor din Republica Moldova &quot;PRODIAB&quot;\",\"publisher\":{\"@id\":\"http:\/\/prodiab.md\/en\/#organization\"},\"potentialAction\":[{\"@type\":\"SearchAction\",\"target\":{\"@type\":\"EntryPoint\",\"urlTemplate\":\"http:\/\/prodiab.md\/en\/?s={search_term_string}\"},\"query-input\":\"required name=search_term_string\"}],\"inLanguage\":\"en-US\"},{\"@type\":\"ImageObject\",\"@id\":\"http:\/\/prodiab.md\/en\/despre-asociatia-prodiab\/#primaryimage\",\"inLanguage\":\"en-US\",\"url\":\"http:\/\/prodiab.md\/wp-content\/uploads\/2014\/06\/logo_test1.png\",\"contentUrl\":\"http:\/\/prodiab.md\/wp-content\/uploads\/2014\/06\/logo_test1.png\",\"width\":227,\"height\":69},{\"@type\":\"WebPage\",\"@id\":\"http:\/\/prodiab.md\/en\/despre-asociatia-prodiab\/#webpage\",\"url\":\"http:\/\/prodiab.md\/en\/despre-asociatia-prodiab\/\",\"name\":\"(Rom\u00e2n\u0103) DESPRE ASOCIA\u0162IA PRODIAB - PRODIAB\",\"isPartOf\":{\"@id\":\"http:\/\/prodiab.md\/en\/#website\"},\"primaryImageOfPage\":{\"@id\":\"http:\/\/prodiab.md\/en\/despre-asociatia-prodiab\/#primaryimage\"},\"datePublished\":\"2014-05-12T09:47:13+00:00\",\"dateModified\":\"2015-12-18T20:01:12+00:00\",\"breadcrumb\":{\"@id\":\"http:\/\/prodiab.md\/en\/despre-asociatia-prodiab\/#breadcrumb\"},\"inLanguage\":\"en-US\",\"potentialAction\":[{\"@type\":\"ReadAction\",\"target\":[[\"http:\/\/prodiab.md\/en\/despre-asociatia-prodiab\/\"]]}]},{\"@type\":\"BreadcrumbList\",\"@id\":\"http:\/\/prodiab.md\/en\/despre-asociatia-prodiab\/#breadcrumb\",\"itemListElement\":[{\"@type\":\"ListItem\",\"position\":1,\"name\":\"\u0413\u043b\u0430\u0432\u043d\u043e\u0435 \u043c\u0435\u043d\u044e\",\"item\":\"http:\/\/prodiab.md\/en\/\"},{\"@type\":\"ListItem\",\"position\":2,\"name\":\"DESPRE ASOCIA\u0162IA PRODIAB\"}]}]}<\/script>\n<!-- \/ Yoast SEO plugin. -->","yoast_head_json":{"title":"(Rom\u00e2n\u0103) DESPRE ASOCIA\u0162IA PRODIAB - PRODIAB","robots":{"index":"index","follow":"follow","max-snippet":"max-snippet:-1","max-image-preview":"max-image-preview:large","max-video-preview":"max-video-preview:-1"},"canonical":"http:\/\/prodiab.md\/en\/despre-asociatia-prodiab\/","og_locale":"en_US","og_type":"article","og_title":"(Rom\u00e2n\u0103) DESPRE ASOCIA\u0162IA PRODIAB - PRODIAB","og_description":"Sorry, this entry is only available in Romanian and Russian.","og_url":"http:\/\/prodiab.md\/en\/despre-asociatia-prodiab\/","og_site_name":"PRODIAB","article_modified_time":"2015-12-18T20:01:12+00:00","og_image":[{"url":"http:\/\/prodiab.md\/wp-content\/uploads\/2014\/06\/logo_test1.png"}],"twitter_card":"summary","twitter_misc":{"Est. reading time":"2 minutes"},"schema":{"@context":"https:\/\/schema.org","@graph":[{"@type":"Organization","@id":"http:\/\/prodiab.md\/en\/#organization","name":"Association of Diabetics of the Republic of Moldova","url":"http:\/\/prodiab.md\/en\/","sameAs":[],"logo":{"@type":"ImageObject","@id":"http:\/\/prodiab.md\/en\/#logo","inLanguage":"en-US","url":"http:\/\/prodiab.md\/wp-content\/uploads\/2014\/06\/logo_test11.png","contentUrl":"http:\/\/prodiab.md\/wp-content\/uploads\/2014\/06\/logo_test11.png","width":227,"height":69,"caption":"Association of Diabetics of the Republic of Moldova"},"image":{"@id":"http:\/\/prodiab.md\/en\/#logo"}},{"@type":"WebSite","@id":"http:\/\/prodiab.md\/en\/#website","url":"http:\/\/prodiab.md\/en\/","name":"PRODIAB","description":"Asociatia Diabeticilor din Republica Moldova &quot;PRODIAB&quot;","publisher":{"@id":"http:\/\/prodiab.md\/en\/#organization"},"potentialAction":[{"@type":"SearchAction","target":{"@type":"EntryPoint","urlTemplate":"http:\/\/prodiab.md\/en\/?s={search_term_string}"},"query-input":"required name=search_term_string"}],"inLanguage":"en-US"},{"@type":"ImageObject","@id":"http:\/\/prodiab.md\/en\/despre-asociatia-prodiab\/#primaryimage","inLanguage":"en-US","url":"http:\/\/prodiab.md\/wp-content\/uploads\/2014\/06\/logo_test1.png","contentUrl":"http:\/\/prodiab.md\/wp-content\/uploads\/2014\/06\/logo_test1.png","width":227,"height":69},{"@type":"WebPage","@id":"http:\/\/prodiab.md\/en\/despre-asociatia-prodiab\/#webpage","url":"http:\/\/prodiab.md\/en\/despre-asociatia-prodiab\/","name":"(Rom\u00e2n\u0103) DESPRE ASOCIA\u0162IA PRODIAB - PRODIAB","isPartOf":{"@id":"http:\/\/prodiab.md\/en\/#website"},"primaryImageOfPage":{"@id":"http:\/\/prodiab.md\/en\/despre-asociatia-prodiab\/#primaryimage"},"datePublished":"2014-05-12T09:47:13+00:00","dateModified":"2015-12-18T20:01:12+00:00","breadcrumb":{"@id":"http:\/\/prodiab.md\/en\/despre-asociatia-prodiab\/#breadcrumb"},"inLanguage":"en-US","potentialAction":[{"@type":"ReadAction","target":[["http:\/\/prodiab.md\/en\/despre-asociatia-prodiab\/"]]}]},{"@type":"BreadcrumbList","@id":"http:\/\/prodiab.md\/en\/despre-asociatia-prodiab\/#breadcrumb","itemListElement":[{"@type":"ListItem","position":1,"name":"\u0413\u043b\u0430\u0432\u043d\u043e\u0435 \u043c\u0435\u043d\u044e","item":"http:\/\/prodiab.md\/en\/"},{"@type":"ListItem","position":2,"name":"DESPRE ASOCIA\u0162IA PRODIAB"}]}]}},"_links":{"self":[{"href":"http:\/\/prodiab.md\/en\/wp-json\/wp\/v2\/pages\/544"}],"collection":[{"href":"http:\/\/prodiab.md\/en\/wp-json\/wp\/v2\/pages"}],"about":[{"href":"http:\/\/prodiab.md\/en\/wp-json\/wp\/v2\/types\/page"}],"author":[{"embeddable":true,"href":"http:\/\/prodiab.md\/en\/wp-json\/wp\/v2\/users\/1"}],"replies":[{"embeddable":true,"href":"http:\/\/prodiab.md\/en\/wp-json\/wp\/v2\/comments?post=544"}],"version-history":[{"count":0,"href":"http:\/\/prodiab.md\/en\/wp-json\/wp\/v2\/pages\/544\/revisions"}],"wp:attachment":[{"href":"http:\/\/prodiab.md\/en\/wp-json\/wp\/v2\/media?parent=544"}],"curies":[{"name":"wp","href":"https:\/\/api.w.org\/{rel}","templated":true}]}}