{"id":495,"date":"2014-03-13T08:13:01","date_gmt":"2014-03-13T08:13:01","guid":{"rendered":"http:\/\/demo.thunderthemes.net\/medicals-wp\/?page_id=6"},"modified":"2019-07-11T15:38:27","modified_gmt":"2019-07-11T12:38:27","slug":"home-page","status":"publish","type":"page","link":"http:\/\/prodiab.md\/en\/","title":{"rendered":"Association of Diabetics of the Republic of Moldova"},"content":{"rendered":"<p><\/p>\n<h2 class=\"titstyle\"><a href=\"http:\/\/prodiab.md\/ro\/category\/proiect\/\"><strong style=\"font-size: 1.2em; line-height: 1.5em;\">Diabetes Schools Network for Strengthening Efforts in Prevention<\/strong><\/a><\/h2>\n<p><a href=\"http:\/\/prodiab.md\/ro\/category\/proiect\/\"><img class=\"alignnone wp-image-7055 size-full\" src=\"http:\/\/prodiab.md\/wp-content\/uploads\/2018\/02\/line_logo2.jpg\" alt=\"\" width=\"100%\" srcset=\"http:\/\/prodiab.md\/wp-content\/uploads\/2018\/02\/line_logo2.jpg 847w, http:\/\/prodiab.md\/wp-content\/uploads\/2018\/02\/line_logo2-300x24.jpg 300w, http:\/\/prodiab.md\/wp-content\/uploads\/2018\/02\/line_logo2-768x63.jpg 768w\" sizes=\"(max-width: 847px) 100vw, 847px\" \/><\/a><br \/>\n<div class=\"row\">\n\t<article class=\"col-md-4 col-sm-4\">\n\t\t\n\t\t<div class=\"row\"><div class=\"col-md-12 col-sm-12\">\n\t\t\t<a href=\"http:\/\/prodiab.md\/en\/reteaua-de-scoli-ale-pacientului-cu-diabet-pentru-fortificarea-eforturilor-de-prevenire-a-diabetului-zaharat\/\" title=\"Re\u021beaua de \u0218coli ale Pacientului cu Diabet pentru fortificarea eforturilor de prevenire a diabetului zaharat\"><img class=\"img-responsive h5 img-padder center-block\" src=\"http:\/\/prodiab.md\/wp-content\/uploads\/2018\/02\/proect-400x300.jpg\" alt=\"\" \/><\/a>\n\t\t\t<\/div><div class=\"col-md-12 col-sm-12\">\n\t\t\t<h2><a href=\"http:\/\/prodiab.md\/en\/reteaua-de-scoli-ale-pacientului-cu-diabet-pentru-fortificarea-eforturilor-de-prevenire-a-diabetului-zaharat\/\">Re\u021beaua de \u0218coli ale Pacientului cu Diabet pentru fortificarea eforturilor de prevenire a diabetului zaharat<\/a><\/h2><p>DESPRE PROIECT Titlul: Re\u021beaua de \u0218coli ale Pacientului cu Diabet pentru fortificarea eforturilor de prevenire a diabetului zaharat ARGUMENTARE Diabetul zaharat reprezint\u0103 o maladie cu un impact grav asupra s\u0103n\u0103t\u0103\u021bi publice. \u00cen anul 2015 la nivel mondial erau \u00eenregistrate peste 415 milioane persoane cu diabet , iar c\u0103tre anul 2040\u00a0 se estimeaz\u0103 c\u0103 aceast\u0103 cifr\u0103...<\/p><\/div>\n\t\t\n\t\t<\/div>\n\t<\/article>\n\t<article class=\"col-md-4 col-sm-4\">\n\t\t\n\t\t<div class=\"row\"><div class=\"col-md-12 col-sm-12\">\n\t\t\t<a href=\"http:\/\/prodiab.md\/en\/prediabetul-rus\/\" title=\"DZ Prediabetul rus\"><img class=\"img-responsive h5 img-padder center-block\" src=\"http:\/\/prodiab.md\/wp-content\/uploads\/2019\/11\/DZ-Prediabetul_rus-2-1-400x300.jpg\" alt=\"\" \/><\/a>\n\t\t\t<\/div><div class=\"col-md-12 col-sm-12\">\n\t\t\t<h2><a href=\"http:\/\/prodiab.md\/en\/prediabetul-rus\/\">DZ Prediabetul rus<\/a><\/h2><p>&nbsp;&nbsp;&nbsp;&nbsp;http:\/\/prodiab.md\/wp-content\/uploads\/2019\/10\/DZ-Prediabetul_rus-2.pdf<\/p><\/div>\n\t\t\n\t\t<\/div>\n\t<\/article>\n\t<article class=\"col-md-4 col-sm-4\">\n\t\t\n\t\t<div class=\"row\"><div class=\"col-md-12 col-sm-12\">\n\t\t\t<a href=\"http:\/\/prodiab.md\/en\/ziua-mondiala-a-diabetului\/\" title=\"Ziua mondiala a diabetului\"><img class=\"img-responsive h5 img-padder center-block\" src=\"http:\/\/prodiab.md\/wp-content\/uploads\/2019\/07\/IMG_0765-400x300.jpg\" alt=\"\" \/><\/a>\n\t\t\t<\/div><div class=\"col-md-12 col-sm-12\">\n\t\t\t<h2><a href=\"http:\/\/prodiab.md\/en\/ziua-mondiala-a-diabetului\/\">Ziua mondiala a diabetului<\/a><\/h2><p><\/p><\/div>\n\t\t\n\t\t<\/div>\n\t<\/article><\/div><br \/>\n<div class=\"hr clearfix\" style=\"margin:20px 0\"><\/div><\/p>\n<h2 class=\"titstyle\"><strong style=\"font-size: 1.5em; line-height: 1.5em;\">News<\/strong><\/h2>\n<p><div class=\"row\">\n\t<article class=\"col-md-4 col-sm-4\">\n\t\t\n\t\t<div class=\"row\"><div class=\"col-md-12 col-sm-12\">\n\t\t\t<a href=\"http:\/\/prodiab.md\/en\/14-noiembrie-2024-ziua-mondiala-a-diabetului\/\" title=\"14 Noiembrie 2024- Ziua Mondiala a Diabetului\"><img class=\"img-responsive h5 img-padder center-block\" src=\"http:\/\/prodiab.md\/wp-content\/uploads\/2024\/11\/0-02-05-6afbb80b43ab8f4b9fc75e422847c357eff318bb60ad0dab08dd09e7eaddc12c_830f8983fd41604f-400x300.jpg\" alt=\"\" \/><\/a>\n\t\t\t<\/div><div class=\"col-md-12 col-sm-12\">\n\t\t\t<h2><a href=\"http:\/\/prodiab.md\/en\/14-noiembrie-2024-ziua-mondiala-a-diabetului\/\">14 Noiembrie 2024- Ziua Mondiala a Diabetului<\/a><\/h2><p>Pe 14 noiembrie 2024, \u00een Republica Moldova a fost din nou marcat\u0103 Ziua Interna\u021bional\u0103 a Diabetului, atr\u0103g\u00e2nd aten\u021bia asupra importan\u021bei prevenirii \u0219i trat\u0103rii diabetului. Organizarea evenimentului a fost ini\u021biat\u0103 de Asocia\u021bia Diabeticilor din Republica Moldova \u201eProdiab\u201d \u00eempreun\u0103 cu Centrul de Excelen\u021b\u0103 \u00een Medicin\u0103 \u0219i Farmacie \u201eRaisa Pacalo\u201d, S.C IMUNOTEHNOMED S.R.L c\u00e2t \u0219i alte institu\u021bii medicale...<\/p><\/div>\n\t\t\n\t\t<\/div>\n\t<\/article>\n\t<article class=\"col-md-4 col-sm-4\">\n\t\t\n\t\t<div class=\"row\"><div class=\"col-md-12 col-sm-12\">\n\t\t\t<a href=\"http:\/\/prodiab.md\/en\/14-noiembrie-2022-ziua-mondiala-a-diabetului\/\" title=\"14 novembre 2022- World Diabetes Day\"><img class=\"img-responsive h5 img-padder center-block\" src=\"http:\/\/prodiab.md\/wp-content\/uploads\/2022\/11\/315530122_812962926555262_3891750642863119325_n-400x300.jpg\" alt=\"\" \/><\/a>\n\t\t\t<\/div><div class=\"col-md-12 col-sm-12\">\n\t\t\t<h2><a href=\"http:\/\/prodiab.md\/en\/14-noiembrie-2022-ziua-mondiala-a-diabetului\/\">14 novembre 2022- World Diabetes Day<\/a><\/h2><p><\/p><\/div>\n\t\t\n\t\t<\/div>\n\t<\/article><\/div><br \/>\n<div class=\"hr clearfix\" style=\"margin:20px 0\"><\/div><\/p>","protected":false},"excerpt":{"rendered":"<p>Diabetes Schools Network for Strengthening Efforts in Prevention News<\/p>\n","protected":false},"author":1,"featured_media":0,"parent":0,"menu_order":0,"comment_status":"closed","ping_status":"closed","template":"","meta":{"ngg_post_thumbnail":0},"yoast_head":"<!-- This site is optimized with the Yoast SEO plugin v18.5.1 - https:\/\/yoast.com\/wordpress\/plugins\/seo\/ -->\n<title>Association of Diabetics of the Republic of Moldova - PRODIAB<\/title>\n<meta name=\"robots\" content=\"index, follow, max-snippet:-1, max-image-preview:large, max-video-preview:-1\" \/>\n<link rel=\"canonical\" href=\"http:\/\/prodiab.md\/en\/\" \/>\n<meta property=\"og:locale\" content=\"en_US\" \/>\n<meta property=\"og:type\" content=\"article\" \/>\n<meta property=\"og:title\" content=\"Association of Diabetics of the Republic of Moldova - PRODIAB\" \/>\n<meta property=\"og:description\" content=\"Diabetes Schools Network for Strengthening Efforts in Prevention News\" \/>\n<meta property=\"og:url\" content=\"http:\/\/prodiab.md\/en\/\" \/>\n<meta property=\"og:site_name\" content=\"PRODIAB\" \/>\n<meta property=\"article:modified_time\" content=\"2019-07-11T12:38:27+00:00\" \/>\n<meta property=\"og:image\" content=\"http:\/\/prodiab.md\/wp-content\/uploads\/2018\/02\/line_logo2.jpg\" \/>\n<meta name=\"twitter:card\" content=\"summary\" \/>\n<meta name=\"twitter:label1\" content=\"Est. reading time\" \/>\n\t<meta name=\"twitter:data1\" content=\"1 minute\" \/>\n<script type=\"application\/ld+json\" class=\"yoast-schema-graph\">{\"@context\":\"https:\/\/schema.org\",\"@graph\":[{\"@type\":\"Organization\",\"@id\":\"http:\/\/prodiab.md\/en\/#organization\",\"name\":\"Association of Diabetics of the Republic of Moldova\",\"url\":\"http:\/\/prodiab.md\/en\/\",\"sameAs\":[],\"logo\":{\"@type\":\"ImageObject\",\"@id\":\"http:\/\/prodiab.md\/en\/#logo\",\"inLanguage\":\"en-US\",\"url\":\"http:\/\/prodiab.md\/wp-content\/uploads\/2014\/06\/logo_test11.png\",\"contentUrl\":\"http:\/\/prodiab.md\/wp-content\/uploads\/2014\/06\/logo_test11.png\",\"width\":227,\"height\":69,\"caption\":\"Association of Diabetics of the Republic of Moldova\"},\"image\":{\"@id\":\"http:\/\/prodiab.md\/en\/#logo\"}},{\"@type\":\"WebSite\",\"@id\":\"http:\/\/prodiab.md\/en\/#website\",\"url\":\"http:\/\/prodiab.md\/en\/\",\"name\":\"PRODIAB\",\"description\":\"Asociatia Diabeticilor din Republica Moldova &quot;PRODIAB&quot;\",\"publisher\":{\"@id\":\"http:\/\/prodiab.md\/en\/#organization\"},\"potentialAction\":[{\"@type\":\"SearchAction\",\"target\":{\"@type\":\"EntryPoint\",\"urlTemplate\":\"http:\/\/prodiab.md\/en\/?s={search_term_string}\"},\"query-input\":\"required name=search_term_string\"}],\"inLanguage\":\"en-US\"},{\"@type\":\"ImageObject\",\"@id\":\"http:\/\/prodiab.md\/en\/#primaryimage\",\"inLanguage\":\"en-US\",\"url\":\"http:\/\/prodiab.md\/wp-content\/uploads\/2018\/02\/line_logo2.jpg\",\"contentUrl\":\"http:\/\/prodiab.md\/wp-content\/uploads\/2018\/02\/line_logo2.jpg\",\"width\":847,\"height\":69},{\"@type\":\"WebPage\",\"@id\":\"http:\/\/prodiab.md\/en\/#webpage\",\"url\":\"http:\/\/prodiab.md\/en\/\",\"name\":\"Association of Diabetics of the Republic of Moldova - PRODIAB\",\"isPartOf\":{\"@id\":\"http:\/\/prodiab.md\/en\/#website\"},\"primaryImageOfPage\":{\"@id\":\"http:\/\/prodiab.md\/en\/#primaryimage\"},\"datePublished\":\"2014-03-13T08:13:01+00:00\",\"dateModified\":\"2019-07-11T12:38:27+00:00\",\"breadcrumb\":{\"@id\":\"http:\/\/prodiab.md\/en\/#breadcrumb\"},\"inLanguage\":\"en-US\",\"potentialAction\":[{\"@type\":\"ReadAction\",\"target\":[[\"http:\/\/prodiab.md\/en\/\"]]}]},{\"@type\":\"BreadcrumbList\",\"@id\":\"http:\/\/prodiab.md\/en\/#breadcrumb\",\"itemListElement\":[{\"@type\":\"ListItem\",\"position\":1,\"name\":\"\u0413\u043b\u0430\u0432\u043d\u043e\u0435 \u043c\u0435\u043d\u044e\",\"item\":\"http:\/\/prodiab.md\/en\/\"},{\"@type\":\"ListItem\",\"position\":2,\"name\":\"Asociatia Diabeticilor din Republica Moldova\"}]}]}<\/script>\n<!-- \/ Yoast SEO plugin. -->","yoast_head_json":{"title":"Association of Diabetics of the Republic of Moldova - PRODIAB","robots":{"index":"index","follow":"follow","max-snippet":"max-snippet:-1","max-image-preview":"max-image-preview:large","max-video-preview":"max-video-preview:-1"},"canonical":"http:\/\/prodiab.md\/en\/","og_locale":"en_US","og_type":"article","og_title":"Association of Diabetics of the Republic of Moldova - PRODIAB","og_description":"Diabetes Schools Network for Strengthening Efforts in Prevention News","og_url":"http:\/\/prodiab.md\/en\/","og_site_name":"PRODIAB","article_modified_time":"2019-07-11T12:38:27+00:00","og_image":[{"url":"http:\/\/prodiab.md\/wp-content\/uploads\/2018\/02\/line_logo2.jpg"}],"twitter_card":"summary","twitter_misc":{"Est. reading time":"1 minute"},"schema":{"@context":"https:\/\/schema.org","@graph":[{"@type":"Organization","@id":"http:\/\/prodiab.md\/en\/#organization","name":"Association of Diabetics of the Republic of Moldova","url":"http:\/\/prodiab.md\/en\/","sameAs":[],"logo":{"@type":"ImageObject","@id":"http:\/\/prodiab.md\/en\/#logo","inLanguage":"en-US","url":"http:\/\/prodiab.md\/wp-content\/uploads\/2014\/06\/logo_test11.png","contentUrl":"http:\/\/prodiab.md\/wp-content\/uploads\/2014\/06\/logo_test11.png","width":227,"height":69,"caption":"Association of Diabetics of the Republic of Moldova"},"image":{"@id":"http:\/\/prodiab.md\/en\/#logo"}},{"@type":"WebSite","@id":"http:\/\/prodiab.md\/en\/#website","url":"http:\/\/prodiab.md\/en\/","name":"PRODIAB","description":"Asociatia Diabeticilor din Republica Moldova &quot;PRODIAB&quot;","publisher":{"@id":"http:\/\/prodiab.md\/en\/#organization"},"potentialAction":[{"@type":"SearchAction","target":{"@type":"EntryPoint","urlTemplate":"http:\/\/prodiab.md\/en\/?s={search_term_string}"},"query-input":"required name=search_term_string"}],"inLanguage":"en-US"},{"@type":"ImageObject","@id":"http:\/\/prodiab.md\/en\/#primaryimage","inLanguage":"en-US","url":"http:\/\/prodiab.md\/wp-content\/uploads\/2018\/02\/line_logo2.jpg","contentUrl":"http:\/\/prodiab.md\/wp-content\/uploads\/2018\/02\/line_logo2.jpg","width":847,"height":69},{"@type":"WebPage","@id":"http:\/\/prodiab.md\/en\/#webpage","url":"http:\/\/prodiab.md\/en\/","name":"Association of Diabetics of the Republic of Moldova - PRODIAB","isPartOf":{"@id":"http:\/\/prodiab.md\/en\/#website"},"primaryImageOfPage":{"@id":"http:\/\/prodiab.md\/en\/#primaryimage"},"datePublished":"2014-03-13T08:13:01+00:00","dateModified":"2019-07-11T12:38:27+00:00","breadcrumb":{"@id":"http:\/\/prodiab.md\/en\/#breadcrumb"},"inLanguage":"en-US","potentialAction":[{"@type":"ReadAction","target":[["http:\/\/prodiab.md\/en\/"]]}]},{"@type":"BreadcrumbList","@id":"http:\/\/prodiab.md\/en\/#breadcrumb","itemListElement":[{"@type":"ListItem","position":1,"name":"\u0413\u043b\u0430\u0432\u043d\u043e\u0435 \u043c\u0435\u043d\u044e","item":"http:\/\/prodiab.md\/en\/"},{"@type":"ListItem","position":2,"name":"Asociatia Diabeticilor din Republica Moldova"}]}]}},"_links":{"self":[{"href":"http:\/\/prodiab.md\/en\/wp-json\/wp\/v2\/pages\/495"}],"collection":[{"href":"http:\/\/prodiab.md\/en\/wp-json\/wp\/v2\/pages"}],"about":[{"href":"http:\/\/prodiab.md\/en\/wp-json\/wp\/v2\/types\/page"}],"author":[{"embeddable":true,"href":"http:\/\/prodiab.md\/en\/wp-json\/wp\/v2\/users\/1"}],"replies":[{"embeddable":true,"href":"http:\/\/prodiab.md\/en\/wp-json\/wp\/v2\/comments?post=495"}],"version-history":[{"count":36,"href":"http:\/\/prodiab.md\/en\/wp-json\/wp\/v2\/pages\/495\/revisions"}],"predecessor-version":[{"id":7804,"href":"http:\/\/prodiab.md\/en\/wp-json\/wp\/v2\/pages\/495\/revisions\/7804"}],"wp:attachment":[{"href":"http:\/\/prodiab.md\/en\/wp-json\/wp\/v2\/media?parent=495"}],"curies":[{"name":"wp","href":"https:\/\/api.w.org\/{rel}","templated":true}]}}